{"id":2271,"date":"2024-02-13T18:46:00","date_gmt":"2024-02-13T21:46:00","guid":{"rendered":"https:\/\/softwareplay.site\/luizelima\/?post_type=product&#038;p=2271"},"modified":"2026-04-03T12:00:30","modified_gmt":"2026-04-03T15:00:30","slug":"kit-10-unidades-flanela-toalha-de-microfibra-grossa-600gsm-40x40cm-dubla-face-luizlima-import","status":"publish","type":"product","link":"https:\/\/luizelimaimports.com.br\/index.php\/produto\/kit-10-unidades-flanela-toalha-de-microfibra-grossa-600gsm-40x40cm-dubla-face-luizlima-import\/","title":{"rendered":"kit 10 unidades Flanela toalha de microfibra grossa 600gsm 40x40cm dubla face Luiz&#038;lima Import"},"content":{"rendered":"<p>&nbsp;<\/p>\n<p>SE APLICA PARA LIMPAR , SECA E N\u00c3O RISCA E N\u00c3O SOLTA FIAPOS<\/p>\n<p>&#8211; \u00d3TIMO TAMANHO 40cm x 40cm<br \/>\n&#8211; COR : AMARELO\/CINZA<\/p>\n<p>&#8211; GRAMATURA: 600gsm<\/p>\n<p>A Toalha de Microfibra DUPLA FACE \u00e9 um produto de alt\u00edssima performance que facilita o processo de secagem do ve\u00edculo, qualidade, gramatura e tamanho bem superior as dispon\u00edveis no Mercado e proporciona um acabamento perfeito.<\/p>\n<p>&nbsp;<\/p>\n<p>BENEF\u00cdCIOS<br \/>\n&#8211; Tecido de alta durabilidade que cont\u00e9m em sua composi\u00e7\u00e3o 100% microfibra<br \/>\n&#8211; Alta capacidade de absor\u00e7\u00e3o<br \/>\n&#8211; N\u00e3o solta fiapos<br \/>\n&#8211; Indicado para Polimento de Carros<br \/>\n&#8211; Anti Risco<br \/>\n&#8211; Resultados incompar\u00e1veis em rela\u00e7\u00e3o aos panos comuns<br \/>\n&#8211; \u00c9 indicado para limpeza automotiva e dom\u00e9stica em geral<br \/>\n&#8211; Devido a sua tecnologia inovadora, tem um alto poder de absor\u00e7\u00e3o e remo\u00e7\u00e3o da sujeira mantendo ainda mais brilho no seu acabamento final.<br \/>\n&#8211; Remove camadas de ceras e polidores sem riscar a pintura e proporciona um excelente acabamento<br \/>\n&#8211; \u00d3timo para ser usado na limpeza de vidros, espelhos, partes internas do ve\u00edculo, pintura, far\u00f3is, cromados , painel etc<br \/>\n&#8211; 40cm x 40cm<br \/>\n&#8211; 600 GSM (gr\/m\u00b2)<br \/>\n&#8211; Cor enviada conforme disponibilidade de estoque<\/p>\n<p>CONT\u00c9M :<br \/>\n10 unidade Toalhas Dupla Face Microfibra Linha Automotivo para Lavagem Anti Risco 40cm x 40cm.<\/p>\n<p>PRODUTO 100% ORIGINAL<\/p>\n","protected":false},"excerpt":{"rendered":"<p>&nbsp; SE APLICA PARA LIMPAR , SECA E N\u00c3O RISCA E N\u00c3O SOLTA FIAPOS &#8211; \u00d3TIMO TAMANHO 40cm x 40cm &#8211; COR : AMARELO\/CINZA &#8211; GRAMATURA: 600gsm A Toalha de Microfibra DUPLA FACE \u00e9 um produto de alt\u00edssima performance que facilita o processo de secagem do ve\u00edculo, qualidade, gramatura e tamanho bem superior as dispon\u00edveis [&hellip;]<\/p>\n","protected":false},"featured_media":2267,"comment_status":"open","ping_status":"closed","template":"","meta":[],"product_cat":[34,64,62],"product_tag":[],"class_list":{"0":"post-2271","1":"product","2":"type-product","3":"status-publish","4":"has-post-thumbnail","6":"product_cat-atacado","7":"product_cat-flanela-toalha-de-microfibra-grossa-600gsm-40x40cm-dubla-face","8":"product_cat-loja","10":"first","11":"instock","12":"shipping-taxable","13":"purchasable","14":"product-type-simple"},"_links":{"self":[{"href":"https:\/\/luizelimaimports.com.br\/index.php\/wp-json\/wp\/v2\/product\/2271"}],"collection":[{"href":"https:\/\/luizelimaimports.com.br\/index.php\/wp-json\/wp\/v2\/product"}],"about":[{"href":"https:\/\/luizelimaimports.com.br\/index.php\/wp-json\/wp\/v2\/types\/product"}],"replies":[{"embeddable":true,"href":"https:\/\/luizelimaimports.com.br\/index.php\/wp-json\/wp\/v2\/comments?post=2271"}],"wp:featuredmedia":[{"embeddable":true,"href":"https:\/\/luizelimaimports.com.br\/index.php\/wp-json\/wp\/v2\/media\/2267"}],"wp:attachment":[{"href":"https:\/\/luizelimaimports.com.br\/index.php\/wp-json\/wp\/v2\/media?parent=2271"}],"wp:term":[{"taxonomy":"product_cat","embeddable":true,"href":"https:\/\/luizelimaimports.com.br\/index.php\/wp-json\/wp\/v2\/product_cat?post=2271"},{"taxonomy":"product_tag","embeddable":true,"href":"https:\/\/luizelimaimports.com.br\/index.php\/wp-json\/wp\/v2\/product_tag?post=2271"}],"curies":[{"name":"wp","href":"https:\/\/api.w.org\/{rel}","templated":true}]}}