{"id":2277,"date":"2024-02-13T18:55:38","date_gmt":"2024-02-13T21:55:38","guid":{"rendered":"https:\/\/softwareplay.site\/luizelima\/?post_type=product&#038;p=2277"},"modified":"2026-04-03T11:21:37","modified_gmt":"2026-04-03T14:21:37","slug":"flanela-toalha-microfibra-500gsm-grossa-luizlima-import","status":"publish","type":"product","link":"https:\/\/luizelimaimports.com.br\/index.php\/produto\/flanela-toalha-microfibra-500gsm-grossa-luizlima-import\/","title":{"rendered":"Flanela toalha microfibra 500gsm grossa Luiz&#038;Lima import"},"content":{"rendered":"<p>PRODUTO ORIGINAL.<\/p>\n<p>Caracter\u00edsticas:<\/p>\n<p>&#8211; Micro fibra ultra macia, ideal para retirada de cera e lustro final<br \/>\n&#8211; N\u00e3o risca ou danifica a superf\u00edcie<br \/>\n&#8211; Pode ser utilizada para secagem, aplica\u00e7\u00e3o de ceras r\u00e1pidas, limpeza de interior e outras superf\u00edcies<br \/>\n&#8211; Alta durabilidade<br \/>\n&#8211; Medidas: 40cm x 60cm<br \/>\n&#8211; 500 GSM (gr\/m\u00b2)<br \/>\n&#8211; Composi\u00e7\u00e3o: 80% poli\u00e9ster e 20% poliamida<\/p>\n","protected":false},"excerpt":{"rendered":"<p>PRODUTO ORIGINAL. Caracter\u00edsticas: &#8211; Micro fibra ultra macia, ideal para retirada de cera e lustro final &#8211; N\u00e3o risca ou danifica a superf\u00edcie &#8211; Pode ser utilizada para secagem, aplica\u00e7\u00e3o de ceras r\u00e1pidas, limpeza de interior e outras superf\u00edcies &#8211; Alta durabilidade &#8211; Medidas: 40cm x 60cm &#8211; 500 GSM (gr\/m\u00b2) &#8211; Composi\u00e7\u00e3o: 80% poli\u00e9ster [&hellip;]<\/p>\n","protected":false},"featured_media":2278,"comment_status":"open","ping_status":"closed","template":"","meta":[],"product_cat":[65,62,60],"product_tag":[],"class_list":{"0":"post-2277","1":"product","2":"type-product","3":"status-publish","4":"has-post-thumbnail","6":"product_cat-flanela-toalha-microfibra-500gsm-grossa","7":"product_cat-loja","8":"product_cat-varejo","10":"first","11":"instock","12":"shipping-taxable","13":"purchasable","14":"product-type-simple"},"_links":{"self":[{"href":"https:\/\/luizelimaimports.com.br\/index.php\/wp-json\/wp\/v2\/product\/2277"}],"collection":[{"href":"https:\/\/luizelimaimports.com.br\/index.php\/wp-json\/wp\/v2\/product"}],"about":[{"href":"https:\/\/luizelimaimports.com.br\/index.php\/wp-json\/wp\/v2\/types\/product"}],"replies":[{"embeddable":true,"href":"https:\/\/luizelimaimports.com.br\/index.php\/wp-json\/wp\/v2\/comments?post=2277"}],"wp:featuredmedia":[{"embeddable":true,"href":"https:\/\/luizelimaimports.com.br\/index.php\/wp-json\/wp\/v2\/media\/2278"}],"wp:attachment":[{"href":"https:\/\/luizelimaimports.com.br\/index.php\/wp-json\/wp\/v2\/media?parent=2277"}],"wp:term":[{"taxonomy":"product_cat","embeddable":true,"href":"https:\/\/luizelimaimports.com.br\/index.php\/wp-json\/wp\/v2\/product_cat?post=2277"},{"taxonomy":"product_tag","embeddable":true,"href":"https:\/\/luizelimaimports.com.br\/index.php\/wp-json\/wp\/v2\/product_tag?post=2277"}],"curies":[{"name":"wp","href":"https:\/\/api.w.org\/{rel}","templated":true}]}}